{"id":444,"date":"2025-09-06T05:45:28","date_gmt":"2025-09-06T05:45:28","guid":{"rendered":"https:\/\/mnpconsultores.com\/?page_id=444"},"modified":"2025-11-20T15:47:53","modified_gmt":"2025-11-20T21:47:53","slug":"digital-solutions","status":"publish","type":"page","link":"https:\/\/mnpconsultores.com\/en\/digital-solutions\/","title":{"rendered":"Digital solutions"},"content":{"rendered":"<div data-elementor-type=\"wp-page\" data-elementor-id=\"444\" class=\"elementor elementor-444\" data-elementor-post-type=\"page\">\n\t\t\t\t<div class=\"elementor-element elementor-element-2edef56 e-flex e-con-boxed e-con e-parent\" data-id=\"2edef56\" data-element_type=\"container\" data-settings=\"{&quot;background_background&quot;:&quot;classic&quot;}\">\n\t\t\t\t\t<div class=\"e-con-inner\">\n\t\t\t\t<div class=\"elementor-element elementor-element-0b66194 elementor-widget elementor-widget-heading\" data-id=\"0b66194\" data-element_type=\"widget\" data-widget_type=\"heading.default\">\n\t\t\t\t<div class=\"elementor-widget-container\">\n\t\t\t\t\t<h1 class=\"elementor-heading-title elementor-size-default\">SOLUTIONS<\/BR> DIGITALS<\/h1>\t\t\t\t<\/div>\n\t\t\t\t<\/div>\n\t\t\t\t\t<\/div>\n\t\t\t\t<\/div>\n\t\t<div class=\"elementor-element elementor-element-0733a86 e-flex e-con-boxed e-con e-parent\" data-id=\"0733a86\" data-element_type=\"container\">\n\t\t\t\t\t<div class=\"e-con-inner\">\n\t\t\t\t<div class=\"elementor-element elementor-element-33b7cf5 elementor-widget__width-initial elementor-widget elementor-widget-heading\" data-id=\"33b7cf5\" data-element_type=\"widget\" data-widget_type=\"heading.default\">\n\t\t\t\t<div class=\"elementor-widget-container\">\n\t\t\t\t\t<h2 class=\"elementor-heading-title elementor-size-default\">Legal innovation to transform knowledge, operation and business growth<\/h2>\t\t\t\t<\/div>\n\t\t\t\t<\/div>\n\t\t<div class=\"elementor-element elementor-element-1187bad e-con-full e-flex e-con e-child\" data-id=\"1187bad\" data-element_type=\"container\">\n\t\t\t\t<div class=\"elementor-element elementor-element-140faf7 elementor-widget__width-initial elementor-widget elementor-widget-text-editor\" data-id=\"140faf7\" data-element_type=\"widget\" data-widget_type=\"text-editor.default\">\n\t\t\t\t<div class=\"elementor-widget-container\">\n\t\t\t\t\t\t\t\t\t<p>Modern legal practice requires more than just technical knowledge: it demands tools, strategies and spaces that facilitate access to information, enhance professional development and strengthen the legal operations of companies, firms and consultants.<\/p><p>That is why at MNP Consultores we integrate technology, legal analysis and strategic vision to solve current challenges in the legal and business sector.<\/p>\t\t\t\t\t\t\t\t<\/div>\n\t\t\t\t<\/div>\n\t\t\t\t<\/div>\n\t\t<div class=\"elementor-element elementor-element-7e59e4b e-con-full e-flex e-con e-child\" data-id=\"7e59e4b\" data-element_type=\"container\">\n\t\t<div class=\"elementor-element elementor-element-b31c07b e-con-full e-flex e-con e-child\" data-id=\"b31c07b\" data-element_type=\"container\" data-settings=\"{&quot;background_background&quot;:&quot;classic&quot;,&quot;sticky&quot;:&quot;top&quot;,&quot;sticky_offset&quot;:160,&quot;sticky_parent&quot;:&quot;yes&quot;,&quot;sticky_on&quot;:[&quot;desktop&quot;,&quot;tablet_extra&quot;,&quot;tablet&quot;],&quot;sticky_offset_tablet&quot;:180,&quot;sticky_effects_offset&quot;:0,&quot;sticky_anchor_link_offset&quot;:0}\">\n\t\t\t\t<div class=\"elementor-element elementor-element-3a69930 elementor-widget elementor-widget-heading\" data-id=\"3a69930\" data-element_type=\"widget\" data-widget_type=\"heading.default\">\n\t\t\t\t<div class=\"elementor-widget-container\">\n\t\t\t\t\t<h2 class=\"elementor-heading-title elementor-size-default\">ADF - Signature Accelerator<\/h2>\t\t\t\t<\/div>\n\t\t\t\t<\/div>\n\t\t\t\t<div class=\"elementor-element elementor-element-fdc15ec elementor-widget-divider--view-line elementor-widget elementor-widget-divider\" data-id=\"fdc15ec\" data-element_type=\"widget\" data-widget_type=\"divider.default\">\n\t\t\t\t<div class=\"elementor-widget-container\">\n\t\t\t\t\t\t\t<div class=\"elementor-divider\">\n\t\t\t<span class=\"elementor-divider-separator\">\n\t\t\t\t\t\t<\/span>\n\t\t<\/div>\n\t\t\t\t\t\t<\/div>\n\t\t\t\t<\/div>\n\t\t<div class=\"elementor-element elementor-element-6013a7b e-con-full e-flex e-con e-child\" data-id=\"6013a7b\" data-element_type=\"container\">\n\t\t<div class=\"elementor-element elementor-element-a605c1a e-con-full e-flex e-con e-child\" data-id=\"a605c1a\" data-element_type=\"container\">\n\t\t\t\t<div class=\"elementor-element elementor-element-562be8f elementor-hidden-tablet elementor-widget elementor-widget-image\" data-id=\"562be8f\" data-element_type=\"widget\" data-widget_type=\"image.default\">\n\t\t\t\t<div class=\"elementor-widget-container\">\n\t\t\t\t\t\t\t\t\t\t\t\t\t\t\t<img fetchpriority=\"high\" decoding=\"async\" width=\"270\" height=\"240\" src=\"https:\/\/mnpconsultores.com\/wp-content\/uploads\/2025\/09\/ADF.svg\" class=\"attachment-large size-large wp-image-1315\" alt=\"\" \/>\t\t\t\t\t\t\t\t\t\t\t\t\t\t\t<\/div>\n\t\t\t\t<\/div>\n\t\t\t\t<\/div>\n\t\t<div class=\"elementor-element elementor-element-eb863a4 e-con-full e-flex e-con e-child\" data-id=\"eb863a4\" data-element_type=\"container\">\n\t\t\t\t<div class=\"elementor-element elementor-element-ae4a7ef elementor-widget elementor-widget-text-editor\" data-id=\"ae4a7ef\" data-element_type=\"widget\" data-widget_type=\"text-editor.default\">\n\t\t\t\t<div class=\"elementor-widget-container\">\n\t\t\t\t\t\t\t\t\tDesigned for both established firms that want to grow in an orderly fashion and new firms that want to establish a solid foundation from the start to compete in an increasingly demanding environment.\t\t\t\t\t\t\t\t<\/div>\n\t\t\t\t<\/div>\n\t\t\t\t<div class=\"elementor-element elementor-element-439f2a7 elementor-widget elementor-widget-text-editor\" data-id=\"439f2a7\" data-element_type=\"widget\" data-widget_type=\"text-editor.default\">\n\t\t\t\t<div class=\"elementor-widget-container\">\n\t\t\t\t\t\t\t\t\tADF is an intensive transformation program designed exclusively for law and accounting firms that want to scale their operation, structure their business model and compete strongly in an increasingly demanding professional environment.\t\t\t\t\t\t\t\t<\/div>\n\t\t\t\t<\/div>\n\t\t\t\t<div class=\"elementor-element elementor-element-c1b7baa elementor-align-center elementor-mobile-align-justify elementor-widget elementor-widget-button\" data-id=\"c1b7baa\" data-element_type=\"widget\" data-widget_type=\"button.default\">\n\t\t\t\t<div class=\"elementor-widget-container\">\n\t\t\t\t\t\t\t\t\t<div class=\"elementor-button-wrapper\">\n\t\t\t\t\t<a class=\"elementor-button elementor-button-link elementor-size-sm\" href=\"https:\/\/www.skool.com\/acelerador-de-firmas\/about\" target=\"_blank\">\n\t\t\t\t\t\t<span class=\"elementor-button-content-wrapper\">\n\t\t\t\t\t\t\t\t\t<span class=\"elementor-button-text\">LEARN MORE ABOUT ADF<\/span>\n\t\t\t\t\t<\/span>\n\t\t\t\t\t<\/a>\n\t\t\t\t<\/div>\n\t\t\t\t\t\t\t\t<\/div>\n\t\t\t\t<\/div>\n\t\t\t\t<\/div>\n\t\t\t\t<\/div>\n\t\t\t\t<\/div>\n\t\t<div class=\"elementor-element elementor-element-64b1f9e e-con-full e-flex e-con e-child\" data-id=\"64b1f9e\" data-element_type=\"container\" data-settings=\"{&quot;background_background&quot;:&quot;classic&quot;,&quot;sticky&quot;:&quot;top&quot;,&quot;sticky_offset&quot;:240,&quot;sticky_parent&quot;:&quot;yes&quot;,&quot;sticky_on&quot;:[&quot;desktop&quot;,&quot;tablet_extra&quot;,&quot;tablet&quot;],&quot;sticky_offset_tablet&quot;:240,&quot;sticky_effects_offset&quot;:0,&quot;sticky_anchor_link_offset&quot;:0}\">\n\t\t\t\t<div class=\"elementor-element elementor-element-26961db elementor-widget elementor-widget-heading\" data-id=\"26961db\" data-element_type=\"widget\" data-widget_type=\"heading.default\">\n\t\t\t\t<div class=\"elementor-widget-container\">\n\t\t\t\t\t<h2 class=\"elementor-heading-title elementor-size-default\">SAC - Legal Audit &amp; Compliance Services<\/h2>\t\t\t\t<\/div>\n\t\t\t\t<\/div>\n\t\t\t\t<div class=\"elementor-element elementor-element-de661d3 elementor-widget-divider--view-line elementor-widget elementor-widget-divider\" data-id=\"de661d3\" data-element_type=\"widget\" data-widget_type=\"divider.default\">\n\t\t\t\t<div class=\"elementor-widget-container\">\n\t\t\t\t\t\t\t<div class=\"elementor-divider\">\n\t\t\t<span class=\"elementor-divider-separator\">\n\t\t\t\t\t\t<\/span>\n\t\t<\/div>\n\t\t\t\t\t\t<\/div>\n\t\t\t\t<\/div>\n\t\t<div class=\"elementor-element elementor-element-5476335 e-con-full e-flex e-con e-child\" data-id=\"5476335\" data-element_type=\"container\">\n\t\t<div class=\"elementor-element elementor-element-62c525d e-con-full e-flex e-con e-child\" data-id=\"62c525d\" data-element_type=\"container\">\n\t\t\t\t<div class=\"elementor-element elementor-element-24ffda2 elementor-hidden-tablet elementor-widget elementor-widget-image\" data-id=\"24ffda2\" data-element_type=\"widget\" data-widget_type=\"image.default\">\n\t\t\t\t<div class=\"elementor-widget-container\">\n\t\t\t\t\t\t\t\t\t\t\t\t\t\t\t<img decoding=\"async\" width=\"270\" height=\"240\" src=\"https:\/\/mnpconsultores.com\/wp-content\/uploads\/2025\/09\/SAC.svg\" class=\"attachment-large size-large wp-image-1314\" alt=\"\" \/>\t\t\t\t\t\t\t\t\t\t\t\t\t\t\t<\/div>\n\t\t\t\t<\/div>\n\t\t\t\t<\/div>\n\t\t<div class=\"elementor-element elementor-element-189646b e-con-full e-flex e-con e-child\" data-id=\"189646b\" data-element_type=\"container\">\n\t\t\t\t<div class=\"elementor-element elementor-element-be3c2d0 elementor-widget elementor-widget-text-editor\" data-id=\"be3c2d0\" data-element_type=\"widget\" data-widget_type=\"text-editor.default\">\n\t\t\t\t<div class=\"elementor-widget-container\">\n\t\t\t\t\t\t\t\t\t<p>In a few minutes, the user obtains a detailed report that evaluates key areas such as: tax, labor, environmental, accounting, corporate, intellectual property, foreign trade, transfer pricing and money laundering prevention.<\/p>\t\t\t\t\t\t\t\t<\/div>\n\t\t\t\t<\/div>\n\t\t\t\t<div class=\"elementor-element elementor-element-82aa784 elementor-widget elementor-widget-text-editor\" data-id=\"82aa784\" data-element_type=\"widget\" data-widget_type=\"text-editor.default\">\n\t\t\t\t<div class=\"elementor-widget-container\">\n\t\t\t\t\t\t\t\t\t<p>SAC is a technological tool developed by MNP Consultores that allows companies to know their level of regulatory compliance in a fast, personalized and cost-free way. Through a guided and accessible online questionnaire, companies obtain a comprehensive diagnosis that allows them to detect risks, identify areas for improvement and make strategic decisions based on evidence.<\/p>\t\t\t\t\t\t\t\t<\/div>\n\t\t\t\t<\/div>\n\t\t\t\t<div class=\"elementor-element elementor-element-5d6922c elementor-align-center elementor-mobile-align-justify elementor-widget elementor-widget-button\" data-id=\"5d6922c\" data-element_type=\"widget\" data-widget_type=\"button.default\">\n\t\t\t\t<div class=\"elementor-widget-container\">\n\t\t\t\t\t\t\t\t\t<div class=\"elementor-button-wrapper\">\n\t\t\t\t\t<a class=\"elementor-button elementor-button-link elementor-size-sm\" href=\"https:\/\/sac.mnpconsultores.com\/\" target=\"_blank\">\n\t\t\t\t\t\t<span class=\"elementor-button-content-wrapper\">\n\t\t\t\t\t\t\t\t\t<span class=\"elementor-button-text\">PERFORMS A DIAGNOSIS WITH SAC<\/span>\n\t\t\t\t\t<\/span>\n\t\t\t\t\t<\/a>\n\t\t\t\t<\/div>\n\t\t\t\t\t\t\t\t<\/div>\n\t\t\t\t<\/div>\n\t\t\t\t<\/div>\n\t\t\t\t<\/div>\n\t\t\t\t<\/div>\n\t\t\t\t<\/div>\n\t\t\t\t\t<\/div>\n\t\t\t\t<\/div>\n\t\t\t\t<\/div>","protected":false},"excerpt":{"rendered":"<p>DIGITAL SOLUTIONS Legal innovation to transform knowledge, operation and business growth Modern legal practice requires more than technical knowledge: it demands tools, strategies and spaces that facilitate access to information, enhance professional development and strengthen the legal operation of companies, firms and consultants. That is why at [...]<\/p>","protected":false},"author":3,"featured_media":0,"parent":0,"menu_order":0,"comment_status":"closed","ping_status":"closed","template":"","meta":{"footnotes":""},"class_list":["post-444","page","type-page","status-publish","hentry"],"yoast_head":"<!-- This site is optimized with the Yoast SEO plugin v26.0 - https:\/\/yoast.com\/wordpress\/plugins\/seo\/ -->\n<title>Soluciones digitales - MNP Consultores<\/title>\n<meta name=\"robots\" content=\"index, follow, max-snippet:-1, max-image-preview:large, max-video-preview:-1\" \/>\n<link rel=\"canonical\" href=\"https:\/\/mnpconsultores.com\/en\/digital-solutions\/\" \/>\n<meta property=\"og:locale\" content=\"en_US\" \/>\n<meta property=\"og:type\" content=\"article\" \/>\n<meta property=\"og:title\" content=\"Soluciones digitales - MNP Consultores\" \/>\n<meta property=\"og:description\" content=\"SOLUCIONES DIGITALES Innovaci\u00f3n jur\u00eddica para transformar el conocimiento, la operaci\u00f3n y el crecimiento empresarial El ejercicio legal moderno requiere algo m\u00e1s que conocimiento t\u00e9cnico: demanda herramientas, estrategias y espacios que faciliten el acceso a la informaci\u00f3n, potencien el desarrollo profesional y fortalezcan la operaci\u00f3n legal de empresas, firmas y consultores. Es por eso que en [&hellip;]\" \/>\n<meta property=\"og:url\" content=\"https:\/\/mnpconsultores.com\/en\/digital-solutions\/\" \/>\n<meta property=\"og:site_name\" content=\"MNP Consultores\" \/>\n<meta property=\"article:modified_time\" content=\"2025-11-20T21:47:53+00:00\" \/>\n<meta name=\"twitter:card\" content=\"summary_large_image\" \/>\n<meta name=\"twitter:label1\" content=\"Est. reading time\" \/>\n\t<meta name=\"twitter:data1\" content=\"2 minutes\" \/>\n<script type=\"application\/ld+json\" class=\"yoast-schema-graph\">{\"@context\":\"https:\/\/schema.org\",\"@graph\":[{\"@type\":\"WebPage\",\"@id\":\"https:\/\/mnpconsultores.com\/soluciones-digitales\/\",\"url\":\"https:\/\/mnpconsultores.com\/soluciones-digitales\/\",\"name\":\"Soluciones digitales - MNP Consultores\",\"isPartOf\":{\"@id\":\"https:\/\/mnpconsultores.com\/#website\"},\"primaryImageOfPage\":{\"@id\":\"https:\/\/mnpconsultores.com\/soluciones-digitales\/#primaryimage\"},\"image\":{\"@id\":\"https:\/\/mnpconsultores.com\/soluciones-digitales\/#primaryimage\"},\"thumbnailUrl\":\"https:\/\/mnpconsultores.com\/wp-content\/uploads\/2025\/09\/ADF.svg\",\"datePublished\":\"2025-09-06T05:45:28+00:00\",\"dateModified\":\"2025-11-20T21:47:53+00:00\",\"breadcrumb\":{\"@id\":\"https:\/\/mnpconsultores.com\/soluciones-digitales\/#breadcrumb\"},\"inLanguage\":\"en-US\",\"potentialAction\":[{\"@type\":\"ReadAction\",\"target\":[\"https:\/\/mnpconsultores.com\/soluciones-digitales\/\"]}]},{\"@type\":\"ImageObject\",\"inLanguage\":\"en-US\",\"@id\":\"https:\/\/mnpconsultores.com\/soluciones-digitales\/#primaryimage\",\"url\":\"https:\/\/mnpconsultores.com\/wp-content\/uploads\/2025\/09\/ADF.svg\",\"contentUrl\":\"https:\/\/mnpconsultores.com\/wp-content\/uploads\/2025\/09\/ADF.svg\"},{\"@type\":\"BreadcrumbList\",\"@id\":\"https:\/\/mnpconsultores.com\/soluciones-digitales\/#breadcrumb\",\"itemListElement\":[{\"@type\":\"ListItem\",\"position\":1,\"name\":\"Home\",\"item\":\"https:\/\/mnpconsultores.com\/\"},{\"@type\":\"ListItem\",\"position\":2,\"name\":\"Soluciones digitales\"}]},{\"@type\":\"WebSite\",\"@id\":\"https:\/\/mnpconsultores.com\/#website\",\"url\":\"https:\/\/mnpconsultores.com\/\",\"name\":\"MNP Consultores\",\"description\":\"Firma especializada en materia fiscal, litigio y corporativa\",\"publisher\":{\"@id\":\"https:\/\/mnpconsultores.com\/#organization\"},\"potentialAction\":[{\"@type\":\"SearchAction\",\"target\":{\"@type\":\"EntryPoint\",\"urlTemplate\":\"https:\/\/mnpconsultores.com\/?s={search_term_string}\"},\"query-input\":{\"@type\":\"PropertyValueSpecification\",\"valueRequired\":true,\"valueName\":\"search_term_string\"}}],\"inLanguage\":\"en-US\"},{\"@type\":\"Organization\",\"@id\":\"https:\/\/mnpconsultores.com\/#organization\",\"name\":\"MNP Consultores\",\"url\":\"https:\/\/mnpconsultores.com\/\",\"logo\":{\"@type\":\"ImageObject\",\"inLanguage\":\"en-US\",\"@id\":\"https:\/\/mnpconsultores.com\/#\/schema\/logo\/image\/\",\"url\":\"https:\/\/mnpconsultores.com\/wp-content\/uploads\/2025\/05\/site-logo.webp\",\"contentUrl\":\"https:\/\/mnpconsultores.com\/wp-content\/uploads\/2025\/05\/site-logo.webp\",\"width\":350,\"height\":100,\"caption\":\"MNP Consultores\"},\"image\":{\"@id\":\"https:\/\/mnpconsultores.com\/#\/schema\/logo\/image\/\"}}]}<\/script>\n<!-- \/ Yoast SEO plugin. -->","yoast_head_json":{"title":"Digital solutions - MNP Consultores","robots":{"index":"index","follow":"follow","max-snippet":"max-snippet:-1","max-image-preview":"max-image-preview:large","max-video-preview":"max-video-preview:-1"},"canonical":"https:\/\/mnpconsultores.com\/en\/digital-solutions\/","og_locale":"en_US","og_type":"article","og_title":"Soluciones digitales - MNP Consultores","og_description":"SOLUCIONES DIGITALES Innovaci\u00f3n jur\u00eddica para transformar el conocimiento, la operaci\u00f3n y el crecimiento empresarial El ejercicio legal moderno requiere algo m\u00e1s que conocimiento t\u00e9cnico: demanda herramientas, estrategias y espacios que faciliten el acceso a la informaci\u00f3n, potencien el desarrollo profesional y fortalezcan la operaci\u00f3n legal de empresas, firmas y consultores. Es por eso que en [&hellip;]","og_url":"https:\/\/mnpconsultores.com\/en\/digital-solutions\/","og_site_name":"MNP Consultores","article_modified_time":"2025-11-20T21:47:53+00:00","twitter_card":"summary_large_image","twitter_misc":{"Est. reading time":"2 minutes"},"schema":{"@context":"https:\/\/schema.org","@graph":[{"@type":"WebPage","@id":"https:\/\/mnpconsultores.com\/soluciones-digitales\/","url":"https:\/\/mnpconsultores.com\/soluciones-digitales\/","name":"Digital solutions - MNP Consultores","isPartOf":{"@id":"https:\/\/mnpconsultores.com\/#website"},"primaryImageOfPage":{"@id":"https:\/\/mnpconsultores.com\/soluciones-digitales\/#primaryimage"},"image":{"@id":"https:\/\/mnpconsultores.com\/soluciones-digitales\/#primaryimage"},"thumbnailUrl":"https:\/\/mnpconsultores.com\/wp-content\/uploads\/2025\/09\/ADF.svg","datePublished":"2025-09-06T05:45:28+00:00","dateModified":"2025-11-20T21:47:53+00:00","breadcrumb":{"@id":"https:\/\/mnpconsultores.com\/soluciones-digitales\/#breadcrumb"},"inLanguage":"en-US","potentialAction":[{"@type":"ReadAction","target":["https:\/\/mnpconsultores.com\/soluciones-digitales\/"]}]},{"@type":"ImageObject","inLanguage":"en-US","@id":"https:\/\/mnpconsultores.com\/soluciones-digitales\/#primaryimage","url":"https:\/\/mnpconsultores.com\/wp-content\/uploads\/2025\/09\/ADF.svg","contentUrl":"https:\/\/mnpconsultores.com\/wp-content\/uploads\/2025\/09\/ADF.svg"},{"@type":"BreadcrumbList","@id":"https:\/\/mnpconsultores.com\/soluciones-digitales\/#breadcrumb","itemListElement":[{"@type":"ListItem","position":1,"name":"Home","item":"https:\/\/mnpconsultores.com\/"},{"@type":"ListItem","position":2,"name":"Soluciones digitales"}]},{"@type":"WebSite","@id":"https:\/\/mnpconsultores.com\/#website","url":"https:\/\/mnpconsultores.com\/","name":"MNP Consultants","description":"Firm specializing in tax, litigation and corporate matters.","publisher":{"@id":"https:\/\/mnpconsultores.com\/#organization"},"potentialAction":[{"@type":"SearchAction","target":{"@type":"EntryPoint","urlTemplate":"https:\/\/mnpconsultores.com\/?s={search_term_string}"},"query-input":{"@type":"PropertyValueSpecification","valueRequired":true,"valueName":"search_term_string"}}],"inLanguage":"en-US"},{"@type":"Organization","@id":"https:\/\/mnpconsultores.com\/#organization","name":"MNP Consultants","url":"https:\/\/mnpconsultores.com\/","logo":{"@type":"ImageObject","inLanguage":"en-US","@id":"https:\/\/mnpconsultores.com\/#\/schema\/logo\/image\/","url":"https:\/\/mnpconsultores.com\/wp-content\/uploads\/2025\/05\/site-logo.webp","contentUrl":"https:\/\/mnpconsultores.com\/wp-content\/uploads\/2025\/05\/site-logo.webp","width":350,"height":100,"caption":"MNP Consultores"},"image":{"@id":"https:\/\/mnpconsultores.com\/#\/schema\/logo\/image\/"}}]}},"_links":{"self":[{"href":"https:\/\/mnpconsultores.com\/en\/wp-json\/wp\/v2\/pages\/444","targetHints":{"allow":["GET"]}}],"collection":[{"href":"https:\/\/mnpconsultores.com\/en\/wp-json\/wp\/v2\/pages"}],"about":[{"href":"https:\/\/mnpconsultores.com\/en\/wp-json\/wp\/v2\/types\/page"}],"author":[{"embeddable":true,"href":"https:\/\/mnpconsultores.com\/en\/wp-json\/wp\/v2\/users\/3"}],"replies":[{"embeddable":true,"href":"https:\/\/mnpconsultores.com\/en\/wp-json\/wp\/v2\/comments?post=444"}],"version-history":[{"count":5,"href":"https:\/\/mnpconsultores.com\/en\/wp-json\/wp\/v2\/pages\/444\/revisions"}],"predecessor-version":[{"id":1661,"href":"https:\/\/mnpconsultores.com\/en\/wp-json\/wp\/v2\/pages\/444\/revisions\/1661"}],"wp:attachment":[{"href":"https:\/\/mnpconsultores.com\/en\/wp-json\/wp\/v2\/media?parent=444"}],"curies":[{"name":"wp","href":"https:\/\/api.w.org\/{rel}","templated":true}]}}