{"id":74,"date":"2025-07-28T20:51:24","date_gmt":"2025-07-28T20:51:24","guid":{"rendered":"https:\/\/mnpconsultores.com\/?page_id=74"},"modified":"2025-11-24T13:23:35","modified_gmt":"2025-11-24T19:23:35","slug":"contact","status":"publish","type":"page","link":"https:\/\/mnpconsultores.com\/en\/contact\/","title":{"rendered":"Contact"},"content":{"rendered":"<div data-elementor-type=\"wp-page\" data-elementor-id=\"74\" class=\"elementor elementor-74\" data-elementor-post-type=\"page\">\n\t\t\t\t<div class=\"elementor-element elementor-element-31743208 e-flex e-con-boxed e-con e-parent\" data-id=\"31743208\" data-element_type=\"container\">\n\t\t\t\t\t<div class=\"e-con-inner\">\n\t\t<div class=\"elementor-element elementor-element-2be8c282 e-flex e-con-boxed e-con e-child\" data-id=\"2be8c282\" data-element_type=\"container\">\n\t\t\t\t\t<div class=\"e-con-inner\">\n\t\t\t\t<div class=\"elementor-element elementor-element-64d8ed09 elementor-widget elementor-widget-heading\" data-id=\"64d8ed09\" data-element_type=\"widget\" data-widget_type=\"heading.default\">\n\t\t\t\t<div class=\"elementor-widget-container\">\n\t\t\t\t\t<h1 class=\"elementor-heading-title elementor-size-default\">CONTACT<\/h1>\t\t\t\t<\/div>\n\t\t\t\t<\/div>\n\t\t\t\t<div class=\"elementor-element elementor-element-29faad31 elementor-widget elementor-widget-heading\" data-id=\"29faad31\" data-element_type=\"widget\" data-widget_type=\"heading.default\">\n\t\t\t\t<div class=\"elementor-widget-container\">\n\t\t\t\t\t<h2 class=\"elementor-heading-title elementor-size-default\">WRITE TO US<\/h2>\t\t\t\t<\/div>\n\t\t\t\t<\/div>\n\t\t\t\t<div class=\"elementor-element elementor-element-42432794 elementor-widget elementor-widget-text-editor\" data-id=\"42432794\" data-element_type=\"widget\" data-widget_type=\"text-editor.default\">\n\t\t\t\t<div class=\"elementor-widget-container\">\n\t\t\t\t\t\t\t\t\t<p>Fill out this form to share your comments with our team, we will be in touch soon.<\/p>\t\t\t\t\t\t\t\t<\/div>\n\t\t\t\t<\/div>\n\t\t\t\t<div class=\"elementor-element elementor-element-6148048a elementor-button-align-stretch elementor-widget elementor-widget-form\" data-id=\"6148048a\" data-element_type=\"widget\" data-settings=\"{&quot;step_next_label&quot;:&quot;Next&quot;,&quot;step_previous_label&quot;:&quot;Previous&quot;,&quot;button_width&quot;:&quot;100&quot;,&quot;step_type&quot;:&quot;number_text&quot;,&quot;step_icon_shape&quot;:&quot;circle&quot;}\" data-widget_type=\"form.default\">\n\t\t\t\t<div class=\"elementor-widget-container\">\n\t\t\t\t\t\t\t<form class=\"elementor-form\" method=\"post\" name=\"CONTACTO\" aria-label=\"CONTACT\" action=\"\">\n\t\t\t<input type=\"hidden\" name=\"post_id\" value=\"74\"\/>\n\t\t\t<input type=\"hidden\" name=\"form_id\" value=\"6148048a\"\/>\n\t\t\t<input type=\"hidden\" name=\"referer_title\" value=\"Contacto - MNP Consultores\" \/>\n\n\t\t\t\t\t\t\t<input type=\"hidden\" name=\"queried_id\" value=\"74\"\/>\n\t\t\t\n\t\t\t<div class=\"elementor-form-fields-wrapper elementor-labels-above\">\n\t\t\t\t\t\t\t\t<div class=\"elementor-field-type-text elementor-field-group elementor-column elementor-field-group-name elementor-col-100 elementor-field-required\">\n\t\t\t\t\t\t\t\t\t\t\t\t<label for=\"form-field-name\" class=\"elementor-field-label\">\n\t\t\t\t\t\t\t\tName\t\t\t\t\t\t\t<\/label>\n\t\t\t\t\t\t\t\t\t\t\t\t\t\t<input size=\"1\" type=\"text\" name=\"form_fields[name]\" id=\"form-field-name\" class=\"elementor-field elementor-size-sm  elementor-field-textual\" required=\"required\">\n\t\t\t\t\t\t\t\t\t\t\t<\/div>\n\t\t\t\t\t\t\t\t<div class=\"elementor-field-type-email elementor-field-group elementor-column elementor-field-group-email elementor-col-100 elementor-field-required\">\n\t\t\t\t\t\t\t\t\t\t\t\t<label for=\"form-field-email\" class=\"elementor-field-label\">\n\t\t\t\t\t\t\t\tEmail\t\t\t\t\t\t\t<\/label>\n\t\t\t\t\t\t\t\t\t\t\t\t\t\t<input size=\"1\" type=\"email\" name=\"form_fields[email]\" id=\"form-field-email\" class=\"elementor-field elementor-size-sm  elementor-field-textual\" required=\"required\">\n\t\t\t\t\t\t\t\t\t\t\t<\/div>\n\t\t\t\t\t\t\t\t<div class=\"elementor-field-type-textarea elementor-field-group elementor-column elementor-field-group-message elementor-col-100\">\n\t\t\t\t\t\t\t\t\t\t\t\t<label for=\"form-field-message\" class=\"elementor-field-label\">\n\t\t\t\t\t\t\t\tMessage\t\t\t\t\t\t\t<\/label>\n\t\t\t\t\t\t<textarea class=\"elementor-field-textual elementor-field  elementor-size-sm\" name=\"form_fields[message]\" id=\"form-field-message\" rows=\"4\" placeholder=\"Write your message...\"><\/textarea>\t\t\t\t<\/div>\n\t\t\t\t\t\t\t\t<div class=\"elementor-field-group elementor-column elementor-field-type-submit elementor-col-100 e-form__buttons\">\n\t\t\t\t\t<button class=\"elementor-button elementor-size-sm\" type=\"submit\">\n\t\t\t\t\t\t<span class=\"elementor-button-content-wrapper\">\n\t\t\t\t\t\t\t\t\t\t\t\t\t\t\t\t\t\t\t\t\t\t<span class=\"elementor-button-text\">SEND MESSAGE<\/span>\n\t\t\t\t\t\t\t\t\t\t\t\t\t<\/span>\n\t\t\t\t\t<\/button>\n\t\t\t\t<\/div>\n\t\t\t<\/div>\n\t\t<input type=\"hidden\" name=\"trp-form-language\" value=\"en\"\/><\/form>\n\t\t\t\t\t\t<\/div>\n\t\t\t\t<\/div>\n\t\t\t\t\t<\/div>\n\t\t\t\t<\/div>\n\t\t<div class=\"elementor-element elementor-element-465e1f26 e-flex e-con-boxed e-con e-child\" data-id=\"465e1f26\" data-element_type=\"container\">\n\t\t\t\t\t<div class=\"e-con-inner\">\n\t\t\t\t<div class=\"elementor-element elementor-element-b3bb941 elementor-widget elementor-widget-google_maps\" data-id=\"b3bb941\" data-element_type=\"widget\" data-widget_type=\"google_maps.default\">\n\t\t\t\t<div class=\"elementor-widget-container\">\n\t\t\t\t\t\t\t<div class=\"elementor-custom-embed\">\n\t\t\t<iframe loading=\"lazy\"\n\t\t\t\t\tsrc=\"https:\/\/maps.google.com\/maps?q=MNP%20CONSULTORES&#038;t=m&#038;z=10&#038;output=embed&#038;iwloc=near\"\n\t\t\t\t\ttitle=\"MNP CONSULTANTS\"\n\t\t\t\t\taria-label=\"MNP CONSULTANTS\"\n\t\t\t><\/iframe>\n\t\t<\/div>\n\t\t\t\t\t\t<\/div>\n\t\t\t\t<\/div>\n\t\t\t\t\t<\/div>\n\t\t\t\t<\/div>\n\t\t\t\t\t<\/div>\n\t\t\t\t<\/div>\n\t\t<div class=\"elementor-element elementor-element-56e4180b e-flex e-con-boxed e-con e-parent\" data-id=\"56e4180b\" data-element_type=\"container\" data-settings=\"{&quot;background_background&quot;:&quot;classic&quot;}\">\n\t\t\t\t\t<div class=\"e-con-inner\">\n\t\t<div class=\"elementor-element elementor-element-1471bbd6 e-flex e-con-boxed e-con e-child\" data-id=\"1471bbd6\" data-element_type=\"container\">\n\t\t\t\t\t<div class=\"e-con-inner\">\n\t\t\t\t<div class=\"elementor-element elementor-element-670e8cf9 elementor-widget elementor-widget-heading\" data-id=\"670e8cf9\" data-element_type=\"widget\" data-widget_type=\"heading.default\">\n\t\t\t\t<div class=\"elementor-widget-container\">\n\t\t\t\t\t<h2 class=\"elementor-heading-title elementor-size-default\">EMAIL<\/h2>\t\t\t\t<\/div>\n\t\t\t\t<\/div>\n\t\t\t\t<div class=\"elementor-element elementor-element-c9959cd elementor-widget elementor-widget-text-editor\" data-id=\"c9959cd\" data-element_type=\"widget\" data-widget_type=\"text-editor.default\">\n\t\t\t\t<div class=\"elementor-widget-container\">\n\t\t\t\t\t\t\t\t\tYou can also send us an email for any questions or clarification regarding our portfolio of products and services.\t\t\t\t\t\t\t\t<\/div>\n\t\t\t\t<\/div>\n\t\t\t\t<div class=\"elementor-element elementor-element-119fb83d elementor-widget elementor-widget-text-editor\" data-id=\"119fb83d\" data-element_type=\"widget\" data-widget_type=\"text-editor.default\">\n\t\t\t\t<div class=\"elementor-widget-container\">\n\t\t\t\t\t\t\t\t\t<p><a href=\"mailto:contacto@mnpconsultores.com\">contacto@mnpconsultores.com<\/a><\/p>\t\t\t\t\t\t\t\t<\/div>\n\t\t\t\t<\/div>\n\t\t\t\t\t<\/div>\n\t\t\t\t<\/div>\n\t\t<div class=\"elementor-element elementor-element-5fac4f2d e-flex e-con-boxed e-con e-child\" data-id=\"5fac4f2d\" data-element_type=\"container\">\n\t\t\t\t\t<div class=\"e-con-inner\">\n\t\t\t\t<div class=\"elementor-element elementor-element-22b479d0 elementor-widget elementor-widget-heading\" data-id=\"22b479d0\" data-element_type=\"widget\" data-widget_type=\"heading.default\">\n\t\t\t\t<div class=\"elementor-widget-container\">\n\t\t\t\t\t<h2 class=\"elementor-heading-title elementor-size-default\">phone<\/h2>\t\t\t\t<\/div>\n\t\t\t\t<\/div>\n\t\t\t\t<div class=\"elementor-element elementor-element-7bf8f221 elementor-widget elementor-widget-text-editor\" data-id=\"7bf8f221\" data-element_type=\"widget\" data-widget_type=\"text-editor.default\">\n\t\t\t\t<div class=\"elementor-widget-container\">\n\t\t\t\t\t\t\t\t\t<p>For telephone attention, please call the following number and we will attend your request through our executive team.<\/p>\t\t\t\t\t\t\t\t<\/div>\n\t\t\t\t<\/div>\n\t\t\t\t<div class=\"elementor-element elementor-element-15fc6ada elementor-widget elementor-widget-text-editor\" data-id=\"15fc6ada\" data-element_type=\"widget\" data-widget_type=\"text-editor.default\">\n\t\t\t\t<div class=\"elementor-widget-container\">\n\t\t\t\t\t\t\t\t\t<p><a href=\"tel:3320037057\">(33) 2003-7057<\/a><\/p>\t\t\t\t\t\t\t\t<\/div>\n\t\t\t\t<\/div>\n\t\t\t\t\t<\/div>\n\t\t\t\t<\/div>\n\t\t\t\t\t<\/div>\n\t\t\t\t<\/div>\n\t\t\t\t<\/div>","protected":false},"excerpt":{"rendered":"<p>CONTACTO ESCR\u00cdBENOS Llena este formulario para compartir tus comentarios con nuestro equipo, pronto estaremos en contacto. EMAIL Tambi\u00e9n puedes enviarnos un correo para cualquier duda o aclaraci\u00f3n respecto a nuestro portafolio de productos y servicios. contacto@mnpconsultores.com tel\u00e9fono Para atenci\u00f3n telef\u00f3nica, por favor llama al siguiente n\u00famero y atenderemos tu solicitud a trav\u00e9s de nuestro equipo [&hellip;]<\/p>","protected":false},"author":3,"featured_media":0,"parent":0,"menu_order":0,"comment_status":"closed","ping_status":"closed","template":"","meta":{"footnotes":""},"class_list":["post-74","page","type-page","status-publish","hentry"],"yoast_head":"<!-- This site is optimized with the Yoast SEO plugin v26.0 - https:\/\/yoast.com\/wordpress\/plugins\/seo\/ -->\n<title>Contacto - MNP Consultores<\/title>\n<meta name=\"robots\" content=\"index, follow, max-snippet:-1, max-image-preview:large, max-video-preview:-1\" \/>\n<link rel=\"canonical\" href=\"https:\/\/mnpconsultores.com\/en\/contact\/\" \/>\n<meta property=\"og:locale\" content=\"en_US\" \/>\n<meta property=\"og:type\" content=\"article\" \/>\n<meta property=\"og:title\" content=\"Contacto - MNP Consultores\" \/>\n<meta property=\"og:description\" content=\"CONTACTO ESCR\u00cdBENOS Llena este formulario para compartir tus comentarios con nuestro equipo, pronto estaremos en contacto. EMAIL Tambi\u00e9n puedes enviarnos un correo para cualquier duda o aclaraci\u00f3n respecto a nuestro portafolio de productos y servicios. contacto@mnpconsultores.com tel\u00e9fono Para atenci\u00f3n telef\u00f3nica, por favor llama al siguiente n\u00famero y atenderemos tu solicitud a trav\u00e9s de nuestro equipo [&hellip;]\" \/>\n<meta property=\"og:url\" content=\"https:\/\/mnpconsultores.com\/en\/contact\/\" \/>\n<meta property=\"og:site_name\" content=\"MNP Consultores\" \/>\n<meta property=\"article:modified_time\" content=\"2025-11-24T19:23:35+00:00\" \/>\n<meta name=\"twitter:card\" content=\"summary_large_image\" \/>\n<meta name=\"twitter:label1\" content=\"Est. reading time\" \/>\n\t<meta name=\"twitter:data1\" content=\"1 minute\" \/>\n<script type=\"application\/ld+json\" class=\"yoast-schema-graph\">{\"@context\":\"https:\/\/schema.org\",\"@graph\":[{\"@type\":\"WebPage\",\"@id\":\"https:\/\/mnpconsultores.com\/contacto\/\",\"url\":\"https:\/\/mnpconsultores.com\/contacto\/\",\"name\":\"Contacto - MNP Consultores\",\"isPartOf\":{\"@id\":\"https:\/\/mnpconsultores.com\/#website\"},\"datePublished\":\"2025-07-28T20:51:24+00:00\",\"dateModified\":\"2025-11-24T19:23:35+00:00\",\"breadcrumb\":{\"@id\":\"https:\/\/mnpconsultores.com\/contacto\/#breadcrumb\"},\"inLanguage\":\"en-US\",\"potentialAction\":[{\"@type\":\"ReadAction\",\"target\":[\"https:\/\/mnpconsultores.com\/contacto\/\"]}]},{\"@type\":\"BreadcrumbList\",\"@id\":\"https:\/\/mnpconsultores.com\/contacto\/#breadcrumb\",\"itemListElement\":[{\"@type\":\"ListItem\",\"position\":1,\"name\":\"Home\",\"item\":\"https:\/\/mnpconsultores.com\/\"},{\"@type\":\"ListItem\",\"position\":2,\"name\":\"Contacto\"}]},{\"@type\":\"WebSite\",\"@id\":\"https:\/\/mnpconsultores.com\/#website\",\"url\":\"https:\/\/mnpconsultores.com\/\",\"name\":\"MNP Consultores\",\"description\":\"Firma especializada en materia fiscal, litigio y corporativa\",\"publisher\":{\"@id\":\"https:\/\/mnpconsultores.com\/#organization\"},\"potentialAction\":[{\"@type\":\"SearchAction\",\"target\":{\"@type\":\"EntryPoint\",\"urlTemplate\":\"https:\/\/mnpconsultores.com\/?s={search_term_string}\"},\"query-input\":{\"@type\":\"PropertyValueSpecification\",\"valueRequired\":true,\"valueName\":\"search_term_string\"}}],\"inLanguage\":\"en-US\"},{\"@type\":\"Organization\",\"@id\":\"https:\/\/mnpconsultores.com\/#organization\",\"name\":\"MNP Consultores\",\"url\":\"https:\/\/mnpconsultores.com\/\",\"logo\":{\"@type\":\"ImageObject\",\"inLanguage\":\"en-US\",\"@id\":\"https:\/\/mnpconsultores.com\/#\/schema\/logo\/image\/\",\"url\":\"https:\/\/mnpconsultores.com\/wp-content\/uploads\/2025\/05\/site-logo.webp\",\"contentUrl\":\"https:\/\/mnpconsultores.com\/wp-content\/uploads\/2025\/05\/site-logo.webp\",\"width\":350,\"height\":100,\"caption\":\"MNP Consultores\"},\"image\":{\"@id\":\"https:\/\/mnpconsultores.com\/#\/schema\/logo\/image\/\"}}]}<\/script>\n<!-- \/ Yoast SEO plugin. -->","yoast_head_json":{"title":"Contact - MNP Consultores","robots":{"index":"index","follow":"follow","max-snippet":"max-snippet:-1","max-image-preview":"max-image-preview:large","max-video-preview":"max-video-preview:-1"},"canonical":"https:\/\/mnpconsultores.com\/en\/contact\/","og_locale":"en_US","og_type":"article","og_title":"Contacto - MNP Consultores","og_description":"CONTACTO ESCR\u00cdBENOS Llena este formulario para compartir tus comentarios con nuestro equipo, pronto estaremos en contacto. EMAIL Tambi\u00e9n puedes enviarnos un correo para cualquier duda o aclaraci\u00f3n respecto a nuestro portafolio de productos y servicios. contacto@mnpconsultores.com tel\u00e9fono Para atenci\u00f3n telef\u00f3nica, por favor llama al siguiente n\u00famero y atenderemos tu solicitud a trav\u00e9s de nuestro equipo [&hellip;]","og_url":"https:\/\/mnpconsultores.com\/en\/contact\/","og_site_name":"MNP Consultores","article_modified_time":"2025-11-24T19:23:35+00:00","twitter_card":"summary_large_image","twitter_misc":{"Est. reading time":"1 minute"},"schema":{"@context":"https:\/\/schema.org","@graph":[{"@type":"WebPage","@id":"https:\/\/mnpconsultores.com\/contacto\/","url":"https:\/\/mnpconsultores.com\/contacto\/","name":"Contact - MNP Consultores","isPartOf":{"@id":"https:\/\/mnpconsultores.com\/#website"},"datePublished":"2025-07-28T20:51:24+00:00","dateModified":"2025-11-24T19:23:35+00:00","breadcrumb":{"@id":"https:\/\/mnpconsultores.com\/contacto\/#breadcrumb"},"inLanguage":"en-US","potentialAction":[{"@type":"ReadAction","target":["https:\/\/mnpconsultores.com\/contacto\/"]}]},{"@type":"BreadcrumbList","@id":"https:\/\/mnpconsultores.com\/contacto\/#breadcrumb","itemListElement":[{"@type":"ListItem","position":1,"name":"Home","item":"https:\/\/mnpconsultores.com\/"},{"@type":"ListItem","position":2,"name":"Contacto"}]},{"@type":"WebSite","@id":"https:\/\/mnpconsultores.com\/#website","url":"https:\/\/mnpconsultores.com\/","name":"MNP Consultants","description":"Firm specializing in tax, litigation and corporate matters.","publisher":{"@id":"https:\/\/mnpconsultores.com\/#organization"},"potentialAction":[{"@type":"SearchAction","target":{"@type":"EntryPoint","urlTemplate":"https:\/\/mnpconsultores.com\/?s={search_term_string}"},"query-input":{"@type":"PropertyValueSpecification","valueRequired":true,"valueName":"search_term_string"}}],"inLanguage":"en-US"},{"@type":"Organization","@id":"https:\/\/mnpconsultores.com\/#organization","name":"MNP Consultants","url":"https:\/\/mnpconsultores.com\/","logo":{"@type":"ImageObject","inLanguage":"en-US","@id":"https:\/\/mnpconsultores.com\/#\/schema\/logo\/image\/","url":"https:\/\/mnpconsultores.com\/wp-content\/uploads\/2025\/05\/site-logo.webp","contentUrl":"https:\/\/mnpconsultores.com\/wp-content\/uploads\/2025\/05\/site-logo.webp","width":350,"height":100,"caption":"MNP Consultores"},"image":{"@id":"https:\/\/mnpconsultores.com\/#\/schema\/logo\/image\/"}}]}},"_links":{"self":[{"href":"https:\/\/mnpconsultores.com\/en\/wp-json\/wp\/v2\/pages\/74","targetHints":{"allow":["GET"]}}],"collection":[{"href":"https:\/\/mnpconsultores.com\/en\/wp-json\/wp\/v2\/pages"}],"about":[{"href":"https:\/\/mnpconsultores.com\/en\/wp-json\/wp\/v2\/types\/page"}],"author":[{"embeddable":true,"href":"https:\/\/mnpconsultores.com\/en\/wp-json\/wp\/v2\/users\/3"}],"replies":[{"embeddable":true,"href":"https:\/\/mnpconsultores.com\/en\/wp-json\/wp\/v2\/comments?post=74"}],"version-history":[{"count":5,"href":"https:\/\/mnpconsultores.com\/en\/wp-json\/wp\/v2\/pages\/74\/revisions"}],"predecessor-version":[{"id":1687,"href":"https:\/\/mnpconsultores.com\/en\/wp-json\/wp\/v2\/pages\/74\/revisions\/1687"}],"wp:attachment":[{"href":"https:\/\/mnpconsultores.com\/en\/wp-json\/wp\/v2\/media?parent=74"}],"curies":[{"name":"wp","href":"https:\/\/api.w.org\/{rel}","templated":true}]}}